{"id":7822,"date":"2022-11-03T09:05:27","date_gmt":"2022-11-03T08:05:27","guid":{"rendered":"https:\/\/ecole-elementaire-publique-viriat.blog.ac-lyon.fr\/wordpress\/?page_id=7822"},"modified":"2023-09-18T10:58:27","modified_gmt":"2023-09-18T08:58:27","slug":"representants-parents-2022-2023","status":"publish","type":"page","link":"https:\/\/ecole-elementaire-publique-viriat.blog.ac-lyon.fr\/wordpress\/representants-parents-2022-2023\/","title":{"rendered":"Repr\u00e9sentants parents  2023\/2024"},"content":{"rendered":"","protected":false},"excerpt":{"rendered":"","protected":false},"author":9,"featured_media":0,"parent":0,"menu_order":0,"comment_status":"closed","ping_status":"closed","template":"","meta":{"xn-wppe-expiration":[],"xn-wppe-expiration-action":[],"xn-wppe-expiration-prefix":[],"advgb_blocks_editor_width":"","advgb_blocks_columns_visual_guide":"","_EventAllDay":false,"_EventTimezone":"","_EventStartDate":"","_EventEndDate":"","_EventStartDateUTC":"","_EventEndDateUTC":"","_EventShowMap":false,"_EventShowMapLink":false,"_EventURL":"","_EventCost":"","_EventCostDescription":"","_EventCurrencySymbol":"","_EventCurrencyCode":"","_EventCurrencyPosition":"","_EventDateTimeSeparator":"","_EventTimeRangeSeparator":"","_EventOrganizerID":[],"_EventVenueID":0,"_OrganizerEmail":"","_OrganizerPhone":"","_OrganizerWebsite":"","_VenueAddress":"","_VenueCity":"","_VenueCountry":"","_VenueProvince":"","_VenueZip":"","_VenuePhone":"","_VenueURL":"","_VenueStateProvince":"","_VenueLat":"","_VenueLng":"","footnotes":""},"class_list":["post-7822","page","type-page","status-publish","hentry"],"coauthors":[],"author_meta":{"author_link":"https:\/\/ecole-elementaire-publique-viriat.blog.ac-lyon.fr\/wordpress\/author\/admin-ecoleelem\/","display_name":"admin.ecoleelem"},"relative_dates":{"created":"Publi\u00e9 4 ans il y a","modified":"Mis \u00e0 jour 3 ans il y a"},"absolute_dates":{"created":"Publi\u00e9 le 3 novembre 2022","modified":"Mise \u00e0 jour le 18 septembre 2023"},"absolute_dates_time":{"created":"Publi\u00e9 le 3 novembre 2022 9 h 05 min","modified":"Mise \u00e0 jour le 18 septembre 2023 10 h 58 min"},"featured_img_caption":"","featured_img":false,"series_order":"","_links":{"self":[{"href":"https:\/\/ecole-elementaire-publique-viriat.blog.ac-lyon.fr\/wordpress\/wp-json\/wp\/v2\/pages\/7822","targetHints":{"allow":["GET"]}}],"collection":[{"href":"https:\/\/ecole-elementaire-publique-viriat.blog.ac-lyon.fr\/wordpress\/wp-json\/wp\/v2\/pages"}],"about":[{"href":"https:\/\/ecole-elementaire-publique-viriat.blog.ac-lyon.fr\/wordpress\/wp-json\/wp\/v2\/types\/page"}],"author":[{"embeddable":true,"href":"https:\/\/ecole-elementaire-publique-viriat.blog.ac-lyon.fr\/wordpress\/wp-json\/wp\/v2\/users\/9"}],"replies":[{"embeddable":true,"href":"https:\/\/ecole-elementaire-publique-viriat.blog.ac-lyon.fr\/wordpress\/wp-json\/wp\/v2\/comments?post=7822"}],"version-history":[{"count":2,"href":"https:\/\/ecole-elementaire-publique-viriat.blog.ac-lyon.fr\/wordpress\/wp-json\/wp\/v2\/pages\/7822\/revisions"}],"predecessor-version":[{"id":7943,"href":"https:\/\/ecole-elementaire-publique-viriat.blog.ac-lyon.fr\/wordpress\/wp-json\/wp\/v2\/pages\/7822\/revisions\/7943"}],"wp:attachment":[{"href":"https:\/\/ecole-elementaire-publique-viriat.blog.ac-lyon.fr\/wordpress\/wp-json\/wp\/v2\/media?parent=7822"}],"curies":[{"name":"wp","href":"https:\/\/api.w.org\/{rel}","templated":true}]}}