{"id":7513,"date":"2022-08-18T08:01:35","date_gmt":"2022-08-18T06:01:35","guid":{"rendered":"https:\/\/ecole-elementaire-publique-viriat.blog.ac-lyon.fr\/wordpress\/?page_id=7513"},"modified":"2022-08-25T07:49:55","modified_gmt":"2022-08-25T05:49:55","slug":"sites-institutionnels","status":"publish","type":"page","link":"https:\/\/ecole-elementaire-publique-viriat.blog.ac-lyon.fr\/wordpress\/sites-institutionnels\/","title":{"rendered":"Sites institutionnels"},"content":{"rendered":"\n<h1 class=\"wp-block-heading\"><a href=\"https:\/\/www.education.gouv.fr\/\" target=\"_blank\" rel=\"noreferrer noopener\">Minist\u00e8re \u00c9ducation Nationale<\/a>\u00a0\u00a0\u00a0\u00a0<\/h1>\n\n\n\n<h1 class=\"wp-block-heading\"><a href=\"http:\/\/www.ac-lyon.fr\/dsden01\/pid33537\/accueil.html\" target=\"_blank\" rel=\"noreferrer noopener\">Inspection Acad\u00e9mique de l\u2019Ain<\/a><\/h1>\n","protected":false},"excerpt":{"rendered":"<p>Minist\u00e8re \u00c9ducation Nationale\u00a0\u00a0\u00a0\u00a0 Inspection Acad\u00e9mique de l\u2019Ain<\/p>\n","protected":false},"author":9,"featured_media":7469,"parent":0,"menu_order":0,"comment_status":"closed","ping_status":"closed","template":"","meta":{"xn-wppe-expiration":[],"xn-wppe-expiration-action":[],"xn-wppe-expiration-prefix":[],"advgb_blocks_editor_width":"","advgb_blocks_columns_visual_guide":"","_EventAllDay":false,"_EventTimezone":"","_EventStartDate":"","_EventEndDate":"","_EventStartDateUTC":"","_EventEndDateUTC":"","_EventShowMap":false,"_EventShowMapLink":false,"_EventURL":"","_EventCost":"","_EventCostDescription":"","_EventCurrencySymbol":"","_EventCurrencyCode":"","_EventCurrencyPosition":"","_EventDateTimeSeparator":"","_EventTimeRangeSeparator":"","_EventOrganizerID":[],"_EventVenueID":0,"_OrganizerEmail":"","_OrganizerPhone":"","_OrganizerWebsite":"","_VenueAddress":"","_VenueCity":"","_VenueCountry":"","_VenueProvince":"","_VenueZip":"","_VenuePhone":"","_VenueURL":"","_VenueStateProvince":"","_VenueLat":"","_VenueLng":"","footnotes":""},"class_list":["post-7513","page","type-page","status-publish","has-post-thumbnail","hentry"],"coauthors":[],"author_meta":{"author_link":"https:\/\/ecole-elementaire-publique-viriat.blog.ac-lyon.fr\/wordpress\/author\/admin-ecoleelem\/","display_name":"admin.ecoleelem"},"relative_dates":{"created":"Publi\u00e9 4 ans il y a","modified":"Mis \u00e0 jour 4 ans il y a"},"absolute_dates":{"created":"Publi\u00e9 le 18 ao\u00fbt 2022","modified":"Mise \u00e0 jour le 25 ao\u00fbt 2022"},"absolute_dates_time":{"created":"Publi\u00e9 le 18 ao\u00fbt 2022 8 h 01 min","modified":"Mise \u00e0 jour le 25 ao\u00fbt 2022 7 h 49 min"},"featured_img_caption":"","featured_img":"https:\/\/ecole-elementaire-publique-viriat.blog.ac-lyon.fr\/wordpress\/wp-content\/uploads\/2021\/09\/cropped-logoAC_LYON_transparent.png","series_order":"","_links":{"self":[{"href":"https:\/\/ecole-elementaire-publique-viriat.blog.ac-lyon.fr\/wordpress\/wp-json\/wp\/v2\/pages\/7513","targetHints":{"allow":["GET"]}}],"collection":[{"href":"https:\/\/ecole-elementaire-publique-viriat.blog.ac-lyon.fr\/wordpress\/wp-json\/wp\/v2\/pages"}],"about":[{"href":"https:\/\/ecole-elementaire-publique-viriat.blog.ac-lyon.fr\/wordpress\/wp-json\/wp\/v2\/types\/page"}],"author":[{"embeddable":true,"href":"https:\/\/ecole-elementaire-publique-viriat.blog.ac-lyon.fr\/wordpress\/wp-json\/wp\/v2\/users\/9"}],"replies":[{"embeddable":true,"href":"https:\/\/ecole-elementaire-publique-viriat.blog.ac-lyon.fr\/wordpress\/wp-json\/wp\/v2\/comments?post=7513"}],"version-history":[{"count":2,"href":"https:\/\/ecole-elementaire-publique-viriat.blog.ac-lyon.fr\/wordpress\/wp-json\/wp\/v2\/pages\/7513\/revisions"}],"predecessor-version":[{"id":7642,"href":"https:\/\/ecole-elementaire-publique-viriat.blog.ac-lyon.fr\/wordpress\/wp-json\/wp\/v2\/pages\/7513\/revisions\/7642"}],"wp:featuredmedia":[{"embeddable":true,"href":"https:\/\/ecole-elementaire-publique-viriat.blog.ac-lyon.fr\/wordpress\/wp-json\/wp\/v2\/media\/7469"}],"wp:attachment":[{"href":"https:\/\/ecole-elementaire-publique-viriat.blog.ac-lyon.fr\/wordpress\/wp-json\/wp\/v2\/media?parent=7513"}],"curies":[{"name":"wp","href":"https:\/\/api.w.org\/{rel}","templated":true}]}}