{"id":7510,"date":"2022-08-19T07:56:00","date_gmt":"2022-08-19T05:56:00","guid":{"rendered":"https:\/\/ecole-elementaire-publique-viriat.blog.ac-lyon.fr\/wordpress\/?page_id=7510"},"modified":"2022-08-18T07:57:02","modified_gmt":"2022-08-18T05:57:02","slug":"conseil-decole","status":"publish","type":"page","link":"https:\/\/ecole-elementaire-publique-viriat.blog.ac-lyon.fr\/wordpress\/conseil-decole\/","title":{"rendered":"Conseil d&rsquo;\u00e9cole"},"content":{"rendered":"","protected":false},"excerpt":{"rendered":"","protected":false},"author":9,"featured_media":0,"parent":0,"menu_order":0,"comment_status":"closed","ping_status":"closed","template":"","meta":{"xn-wppe-expiration":[],"xn-wppe-expiration-action":[],"xn-wppe-expiration-prefix":[],"advgb_blocks_editor_width":"","advgb_blocks_columns_visual_guide":"","_EventAllDay":false,"_EventTimezone":"","_EventStartDate":"","_EventEndDate":"","_EventStartDateUTC":"","_EventEndDateUTC":"","_EventShowMap":false,"_EventShowMapLink":false,"_EventURL":"","_EventCost":"","_EventCostDescription":"","_EventCurrencySymbol":"","_EventCurrencyCode":"","_EventCurrencyPosition":"","_EventDateTimeSeparator":"","_EventTimeRangeSeparator":"","_EventOrganizerID":[],"_EventVenueID":0,"_OrganizerEmail":"","_OrganizerPhone":"","_OrganizerWebsite":"","_VenueAddress":"","_VenueCity":"","_VenueCountry":"","_VenueProvince":"","_VenueZip":"","_VenuePhone":"","_VenueURL":"","_VenueStateProvince":"","_VenueLat":"","_VenueLng":"","footnotes":""},"class_list":["post-7510","page","type-page","status-publish","hentry"],"coauthors":[],"author_meta":{"author_link":"https:\/\/ecole-elementaire-publique-viriat.blog.ac-lyon.fr\/wordpress\/author\/admin-ecoleelem\/","display_name":"admin.ecoleelem"},"relative_dates":{"created":"Publi\u00e9 4 ans il y a","modified":"Mis \u00e0 jour 4 ans il y a"},"absolute_dates":{"created":"Publi\u00e9 le 19 ao\u00fbt 2022","modified":"Mise \u00e0 jour le 18 ao\u00fbt 2022"},"absolute_dates_time":{"created":"Publi\u00e9 le 19 ao\u00fbt 2022 7 h 56 min","modified":"Mise \u00e0 jour le 18 ao\u00fbt 2022 7 h 57 min"},"featured_img_caption":"","featured_img":false,"series_order":"","_links":{"self":[{"href":"https:\/\/ecole-elementaire-publique-viriat.blog.ac-lyon.fr\/wordpress\/wp-json\/wp\/v2\/pages\/7510","targetHints":{"allow":["GET"]}}],"collection":[{"href":"https:\/\/ecole-elementaire-publique-viriat.blog.ac-lyon.fr\/wordpress\/wp-json\/wp\/v2\/pages"}],"about":[{"href":"https:\/\/ecole-elementaire-publique-viriat.blog.ac-lyon.fr\/wordpress\/wp-json\/wp\/v2\/types\/page"}],"author":[{"embeddable":true,"href":"https:\/\/ecole-elementaire-publique-viriat.blog.ac-lyon.fr\/wordpress\/wp-json\/wp\/v2\/users\/9"}],"replies":[{"embeddable":true,"href":"https:\/\/ecole-elementaire-publique-viriat.blog.ac-lyon.fr\/wordpress\/wp-json\/wp\/v2\/comments?post=7510"}],"version-history":[{"count":1,"href":"https:\/\/ecole-elementaire-publique-viriat.blog.ac-lyon.fr\/wordpress\/wp-json\/wp\/v2\/pages\/7510\/revisions"}],"predecessor-version":[{"id":7511,"href":"https:\/\/ecole-elementaire-publique-viriat.blog.ac-lyon.fr\/wordpress\/wp-json\/wp\/v2\/pages\/7510\/revisions\/7511"}],"wp:attachment":[{"href":"https:\/\/ecole-elementaire-publique-viriat.blog.ac-lyon.fr\/wordpress\/wp-json\/wp\/v2\/media?parent=7510"}],"curies":[{"name":"wp","href":"https:\/\/api.w.org\/{rel}","templated":true}]}}